{"id":680,"date":"2020-04-22T14:01:20","date_gmt":"2020-04-22T12:01:20","guid":{"rendered":"https:\/\/www.magnolio.shop\/peppermint-beadlet-pfefferminz-kuegelchen\/"},"modified":"2025-08-31T13:27:29","modified_gmt":"2025-08-31T11:27:29","slug":"doterra-pfefferminzkuegelchen-peppermint-beatles","status":"publish","type":"product","link":"https:\/\/www.kraeuterkind.com\/ch\/doterra-pfefferminzkuegelchen-peppermint-beatles\/","title":{"rendered":"d\u014dTERRA Pfefferminzk\u00fcgelchen (Peppermint Beatlets)"},"content":{"rendered":"<h2>d\u014dTERRA Pfefferminzk\u00fcgelchen<\/h2>\n<p><b>Bestandteile<\/b>: \u00e4therisches Pfefferminz\u00f6l + Kokos\u00f6l<br \/>\n<strong>\u00dcberzug<\/strong>: carrageen- und palm\u00f6lfreie Agar-Agar-Beschichtung<br \/>\nInhalt: 125 St\u00fcck<\/p>\n<h2>Vorteile auf einen Blick<\/h2>\n<ul>\n<li><strong>Frischer Atem:<\/strong> Erfrischt den Atem schnell und nat\u00fcrlich<\/li>\n<li><strong>Muntermacher:<\/strong> Belebende Wirkung durch Zerbei\u00dfen der kleinen K\u00fcgelchen im Mund<\/li>\n<li><strong>Mundpflege:<\/strong> F\u00f6rdert die Mundhygiene effektiv<\/li>\n<li><strong>Motivator:<\/strong> Steigert nat\u00fcrlich Energie und Konzentration<\/li>\n<li><strong>Gute Verdauung:<\/strong> Unterst\u00fctzt eine gesunde Verdauung<\/li>\n<li><strong>Auf Reisen:<\/strong> Hilft bei Magenbeschwerden und \u00dcbelkeit auf Reisen<\/li>\n<\/ul>\n<h2>Anwendungen &amp; Tipps<\/h2>\n<ul>\n<li><strong>T\u00e4gliche Erfrischung: <\/strong>Morgens 1 K\u00fcgelchen f\u00fcr frischen Atem.<\/li>\n<li><strong>Reisekomfort: <\/strong>Bei \u00dcbelkeit 1-2 K\u00fcgelchen zerbei\u00dfen.<\/li>\n<li><strong>Frischer Atem: <\/strong>Nach dem Essen 1 K\u00fcgelchen f\u00fcr schnellen frischen Atem.<\/li>\n<li><strong>Energie-Boost: <\/strong>Vor Aktivit\u00e4ten 1 K\u00fcgelchen f\u00fcr mehr Energie.<\/li>\n<li><strong>Konzentration: <\/strong>W\u00e4hrend der Arbeit 1 K\u00fcgelchen f\u00fcr mehr Konzentration.<\/li>\n<\/ul>\n<h2>Produktbeschreibung<\/h2>\n<p>Durch einen einzigartigen und exklusiven Prozess hat d\u014dTERRA die kraftvollen Vorteile des \u00e4therischen Pfefferminz\u00f6ls in praktischen, weichen K\u00fcgelchen eingefangen, die auch f\u00fcr Veganer*innen geeignet sind. Jede kleine Kugel enth\u00e4lt eine Mischung aus Pfefferminz- und Kokos\u00f6l, umh\u00fcllt von einer carrageen- und palm\u00f6lfreien Agar-Agar-Schicht.<br \/>\nSobald die K\u00fcgelchen sich im Mund aufl\u00f6sen, sp\u00fcrst Du eine sofortige Erfrischung, die nicht nur deinen Atem, sondern auch deine Stimmung hebt. Die sorgf\u00e4ltig ausgew\u00e4hlten Inhaltsstoffe sorgen f\u00fcr ein rundum angenehmes Erlebnis, das Du jederzeit und \u00fcberall genie\u00dfen kannst. Ob unterwegs, nach dem Essen oder bei einem Energieschubbedarf \u2013 d\u014dTERRA&#8217;s Pfefferminzk\u00fcgelchen ist dein idealer Begleiter.<\/p>\n<h2>Hinweise zur sicheren Anwendung<\/h2>\n<p>Hautreizungen m\u00f6glich. Au\u00dferhalb der Reichweite von Kindern aufbewahren. Wenn Sie schwanger sind, stillen oder unter \u00e4rztlicher Aufsicht stehen, konsultieren Sie bitte Ihren Arzt. Kontakt mit Augen, Innenohren und empfindlichen Stellen vermeiden. Mindestens 12 Stunden nach dem Auftragen des Produkts Sonnenlicht und UV-Strahlen vermeiden.<\/p>\n","protected":false},"excerpt":{"rendered":"<p>Sobald die K\u00fcgelchen sich im Mund aufl\u00f6sen, sp\u00fcrst Du eine sofortige Erfrischung, die nicht nur deinen Atem, sondern auch deine Stimmung hebt. Die sorgf\u00e4ltig ausgew\u00e4hlten Inhaltsstoffe sorgen f\u00fcr ein rundum angenehmes Erlebnis, das Du jederzeit und \u00fcberall genie\u00dfen kannst.\u00a0<\/p>\n","protected":false},"featured_media":16716,"template":"","meta":{"_et_pb_use_builder":"","_et_pb_old_content":"","_et_gb_content_width":""},"product_cat":[15,50,1925,36,37,41,43,48,47,1950,1965,1981,1986],"product_tag":[258,259],"_links":{"self":[{"href":"https:\/\/www.kraeuterkind.com\/ch\/wp-json\/wp\/v2\/product\/680"}],"collection":[{"href":"https:\/\/www.kraeuterkind.com\/ch\/wp-json\/wp\/v2\/product"}],"about":[{"href":"https:\/\/www.kraeuterkind.com\/ch\/wp-json\/wp\/v2\/types\/product"}],"wp:featuredmedia":[{"embeddable":true,"href":"https:\/\/www.kraeuterkind.com\/ch\/wp-json\/wp\/v2\/media\/16716"}],"wp:attachment":[{"href":"https:\/\/www.kraeuterkind.com\/ch\/wp-json\/wp\/v2\/media?parent=680"}],"wp:term":[{"taxonomy":"product_cat","embeddable":true,"href":"https:\/\/www.kraeuterkind.com\/ch\/wp-json\/wp\/v2\/product_cat?post=680"},{"taxonomy":"product_tag","embeddable":true,"href":"https:\/\/www.kraeuterkind.com\/ch\/wp-json\/wp\/v2\/product_tag?post=680"}],"curies":[{"name":"wp","href":"https:\/\/api.w.org\/{rel}","templated":true}]}}